{"id":426,"date":"2021-12-14T08:09:37","date_gmt":"2021-12-14T08:09:37","guid":{"rendered":"https:\/\/new-rafflesmedical.jaysoft.asia\/?page_id=426"},"modified":"2025-10-14T23:40:15","modified_gmt":"2025-10-14T16:40:15","slug":"prevention-is-better-than-cure","status":"publish","type":"page","link":"https:\/\/rafflesmedical.vn\/vi\/health-checkup-center\/prevention-is-better-than-cure\/","title":{"rendered":"Ph\u00f2ng b\u1ec7nh h\u01a1n ch\u1eefa b\u1ec7nh"},"content":{"rendered":"<div data-elementor-type=\"wp-page\" data-elementor-id=\"426\" class=\"elementor elementor-426\" data-elementor-post-type=\"page\">\n\t\t\t\t\t\t<section class=\"elementor-section elementor-top-section elementor-element elementor-element-374eb09 banner-destop elementor-section-full_width elementor-section-height-default elementor-section-height-default\" data-id=\"374eb09\" data-element_type=\"section\" data-e-type=\"section\" data-settings=\"{&quot;background_background&quot;:&quot;classic&quot;}\">\n\t\t\t\t\t\t<div class=\"elementor-container elementor-column-gap-default\">\n\t\t\t\t\t<div class=\"elementor-column elementor-col-100 elementor-top-column elementor-element elementor-element-00241d9\" data-id=\"00241d9\" data-element_type=\"column\" data-e-type=\"column\">\n\t\t\t<div class=\"elementor-widget-wrap\">\n\t\t\t\t\t\t\t<\/div>\n\t\t<\/div>\n\t\t\t\t\t<\/div>\n\t\t<\/section>\n\t\t\t\t<section class=\"elementor-section elementor-top-section elementor-element elementor-element-151923d elementor-section-boxed elementor-section-height-default elementor-section-height-default\" data-id=\"151923d\" data-element_type=\"section\" data-e-type=\"section\">\n\t\t\t\t\t\t<div class=\"elementor-container elementor-column-gap-default\">\n\t\t\t\t\t<div class=\"elementor-column elementor-col-100 elementor-top-column elementor-element elementor-element-88103fd\" data-id=\"88103fd\" data-element_type=\"column\" data-e-type=\"column\">\n\t\t\t<div class=\"elementor-widget-wrap\">\n\t\t\t\t\t\t\t<\/div>\n\t\t<\/div>\n\t\t\t\t\t<\/div>\n\t\t<\/section>\n\t\t\t\t<section class=\"elementor-section elementor-top-section elementor-element elementor-element-a8d377a elementor-section-boxed elementor-section-height-default elementor-section-height-default\" data-id=\"a8d377a\" data-element_type=\"section\" data-e-type=\"section\">\n\t\t\t\t\t\t<div class=\"elementor-container elementor-column-gap-default\">\n\t\t\t\t\t<div class=\"elementor-column elementor-col-100 elementor-top-column elementor-element elementor-element-1276152\" data-id=\"1276152\" data-element_type=\"column\" data-e-type=\"column\">\n\t\t\t<div class=\"elementor-widget-wrap elementor-element-populated\">\n\t\t\t\t\t\t<div class=\"elementor-element elementor-element-2d24412 elementor-widget elementor-widget-heading\" data-id=\"2d24412\" data-element_type=\"widget\" data-e-type=\"widget\" data-widget_type=\"heading.default\">\n\t\t\t\t\t<h2 class=\"elementor-heading-title elementor-size-default\"><b>PH\u00d2NG NG\u1eeaA T\u1ed0T H\u01a0N<\/b> H\u01a0N CH\u1eeeA B\u1ec6NH<\/h2>\t\t\t\t<\/div>\n\t\t\t\t<div class=\"elementor-element elementor-element-5ab366c elementor-hidden-mobile elementor-widget elementor-widget-image\" data-id=\"5ab366c\" data-element_type=\"widget\" data-e-type=\"widget\" data-widget_type=\"image.default\">\n\t\t\t\t\t\t\t\t\t\t\t\t\t\t\t<img loading=\"lazy\" decoding=\"async\" width=\"1920\" height=\"680\" src=\"https:\/\/rafflesmedical.vn\/wp-content\/uploads\/2025\/10\/Prevention_1920-x-680-01.jpg\" class=\"attachment-full size-full wp-image-9318\" alt=\"\" srcset=\"https:\/\/rafflesmedical.vn\/wp-content\/uploads\/2025\/10\/Prevention_1920-x-680-01.jpg 1920w, https:\/\/rafflesmedical.vn\/wp-content\/uploads\/2025\/10\/Prevention_1920-x-680-01-300x106.jpg 300w, https:\/\/rafflesmedical.vn\/wp-content\/uploads\/2025\/10\/Prevention_1920-x-680-01-1024x363.jpg 1024w, https:\/\/rafflesmedical.vn\/wp-content\/uploads\/2025\/10\/Prevention_1920-x-680-01-768x272.jpg 768w, https:\/\/rafflesmedical.vn\/wp-content\/uploads\/2025\/10\/Prevention_1920-x-680-01-1536x544.jpg 1536w, https:\/\/rafflesmedical.vn\/wp-content\/uploads\/2025\/10\/Prevention_1920-x-680-01-18x6.jpg 18w\" sizes=\"auto, (max-width: 1920px) 100vw, 1920px\" \/>\t\t\t\t\t\t\t\t\t\t\t\t\t\t\t<\/div>\n\t\t\t\t<div class=\"elementor-element elementor-element-09130ae elementor-hidden-desktop elementor-hidden-tablet elementor-widget elementor-widget-image\" data-id=\"09130ae\" data-element_type=\"widget\" data-e-type=\"widget\" data-widget_type=\"image.default\">\n\t\t\t\t\t\t\t\t\t\t\t\t\t\t\t<img loading=\"lazy\" decoding=\"async\" width=\"800\" height=\"800\" src=\"https:\/\/rafflesmedical.vn\/wp-content\/uploads\/2025\/10\/Prevention_1920-x-680-02-1024x1024.jpg\" class=\"attachment-large size-large wp-image-9319\" alt=\"\" srcset=\"https:\/\/rafflesmedical.vn\/wp-content\/uploads\/2025\/10\/Prevention_1920-x-680-02-1024x1024.jpg 1024w, https:\/\/rafflesmedical.vn\/wp-content\/uploads\/2025\/10\/Prevention_1920-x-680-02-300x300.jpg 300w, https:\/\/rafflesmedical.vn\/wp-content\/uploads\/2025\/10\/Prevention_1920-x-680-02-150x150.jpg 150w, https:\/\/rafflesmedical.vn\/wp-content\/uploads\/2025\/10\/Prevention_1920-x-680-02-768x768.jpg 768w, https:\/\/rafflesmedical.vn\/wp-content\/uploads\/2025\/10\/Prevention_1920-x-680-02-1536x1536.jpg 1536w, https:\/\/rafflesmedical.vn\/wp-content\/uploads\/2025\/10\/Prevention_1920-x-680-02-12x12.jpg 12w, https:\/\/rafflesmedical.vn\/wp-content\/uploads\/2025\/10\/Prevention_1920-x-680-02.jpg 1920w\" sizes=\"auto, (max-width: 800px) 100vw, 800px\" \/>\t\t\t\t\t\t\t\t\t\t\t\t\t\t\t<\/div>\n\t\t\t\t<div class=\"elementor-element elementor-element-f636ed0 elementor-widget elementor-widget-text-editor\" data-id=\"f636ed0\" data-element_type=\"widget\" data-e-type=\"widget\" data-widget_type=\"text-editor.default\">\n\t\t\t\t\t\t\t\t\t<p>Ch\u0103m s\u00f3c s\u1ee9c kh\u1ecfe d\u1ef1 ph\u00f2ng l\u00e0 l\u1ed9 tr\u00ecnh h\u01b0\u1edbng \u0111\u1ebfn m\u1ed9t c\u01a1 th\u1ec3 kh\u1ecfe m\u1ea1nh v\u00e0 l\u1ed1i s\u1ed1ng l\u00e0nh m\u1ea1nh. \u0110\u00e2y l\u00e0 c\u00e2u tr\u1ea3 l\u1eddi cho l\u1ed1i s\u1ed1ng hi\u1ec7n \u0111\u1ea1i, n\u01a1i ch\u00fang ta th\u01b0\u1eddng \u0111\u00e1nh \u0111\u1ed5i s\u1ee9c kh\u1ecfe \u0111\u1ec3 theo \u0111u\u1ed5i th\u00e0nh c\u00f4ng. \u0110i\u1ec1u n\u00e0y c\u00f3 ngh\u0129a l\u00e0 l\u1ef1a ch\u1ecdn ch\u1ebf \u0111\u1ed9 \u0103n u\u1ed1ng v\u00e0 t\u1eadp luy\u1ec7n \u0111\u00fang \u0111\u1eafn, \u0111\u1ed3ng th\u1eddi l\u1ef1a ch\u1ecdn ki\u1ec3m tra s\u1ee9c kh\u1ecfe \u0111\u1ecbnh k\u1ef3 \u0111\u1ec3 \u0111\u1ea3m b\u1ea3o c\u01a1 th\u1ec3 ho\u1ea1t \u0111\u1ed9ng b\u00ecnh th\u01b0\u1eddng, cho ph\u00e9p b\u00e1c s\u0129 ph\u00e1t hi\u1ec7n b\u1ea5t k\u1ef3 v\u1ea5n \u0111\u1ec1 s\u1ee9c kh\u1ecfe ho\u1eb7c c\u00e1c v\u1ea5n \u0111\u1ec1 b\u1ea5t th\u01b0\u1eddng n\u00e0o \u1edf giai \u0111o\u1ea1n c\u1ea5p t\u00ednh.<\/p><p>Many people visit the doctor only when they feel something is wrong, by which time it\u2019s often too late to prevent serious consequences\u2014by which time the opportunity to detect life-threatening conditions as soon as they arise is lost. By treating diseases and medical conditions early, some illnesses can be prevented before they pose a serious health problem.<\/p><p>The Raffles Medical Screening programme caters to a variety of health and lifestyle concerns, with the option to \u201cadd-on\u201d tests tailored to individual requirements for both male and female patients.<\/p><p><b>Ph\u00e1t hi\u1ec7n<\/b><\/p><p>T\u00f9y thu\u1ed9c v\u00e0o l\u1ed1i s\u1ed1ng v\u00e0 t\u00ecnh tr\u1ea1ng s\u1ee9c kh\u1ecfe c\u00e1 nh\u00e2n, b\u1ec7nh nh\u00e2n c\u00f3 th\u1ec3 l\u1ef1a ch\u1ecdn ch\u01b0\u01a1ng tr\u00ecnh ki\u1ec3m tra s\u1ee9c kh\u1ecfe t\u1ea1i Raffles Medical ph\u00f9 h\u1ee3p nh\u1ea5t v\u1edbi nhu c\u1ea7u c\u1ee7a m\u00ecnh. M\u1ed9t ch\u01b0\u01a1ng tr\u00ecnh ki\u1ec3m tra s\u1ee9c kh\u1ecfe to\u00e0n di\u1ec7n s\u1ebd gi\u00fap ph\u00e1t hi\u1ec7n b\u1ea5t k\u1ef3 y\u1ebfu t\u1ed1 nguy c\u01a1 n\u00e0o \u0111\u1ed1i v\u1edbi s\u1ee9c kh\u1ecfe v\u00e0 x\u00e1c \u0111\u1ecbnh ph\u01b0\u01a1ng ph\u00e1p t\u1ed1t nh\u1ea5t \u0111\u1ec3 gi\u1ea3i quy\u1ebft nh\u1eefng r\u1ee7i ro \u0111\u00f3.<\/p><p><b>Ph\u00e2n t\u00edch<\/b><\/p><p>Ch\u01b0\u01a1ng tr\u00ecnh ki\u1ec3m tra s\u1ee9c kh\u1ecfe c\u1ee7a Raffles Medical cung c\u1ea5p m\u1ed9t lo\u1ea1t c\u00e1c x\u00e9t nghi\u1ec7m v\u00e0 ch\u1ea9n \u0111o\u00e1n \u0111\u01b0\u1ee3c l\u1ef1a ch\u1ecdn \u0111\u1eb7c bi\u1ec7t, \u0111\u01b0\u1ee3c thi\u1ebft k\u1ebf \u0111\u1ec3 ph\u00e1t hi\u1ec7n b\u1ea5t k\u1ef3 v\u1ea5n \u0111\u1ec1 n\u00e0o m\u00e0 b\u1ec7nh nh\u00e2n c\u00f3 th\u1ec3 g\u1eb7p ph\u1ea3i hi\u1ec7n t\u1ea1i ho\u1eb7c trong t\u01b0\u01a1ng lai. \u0110\u01b0\u1ee3c thi\u1ebft k\u1ebf \u0111\u1ec3 cung c\u1ea5p th\u00f4ng tin y khoa to\u00e0n di\u1ec7n, c\u00e1c ph\u00e2n t\u00edch c\u1ee7a ch\u00fang t\u00f4i cho ph\u00e9p b\u1ec7nh nh\u00e2n hi\u1ec3u v\u00e0 ch\u1ee7 \u0111\u1ed9ng ch\u0103m s\u00f3c s\u1ee9c kh\u1ecfe c\u0169ng nh\u01b0 h\u1ea1nh ph\u00fac c\u1ee7a m\u00ecnh c\u1ea3 hi\u1ec7n t\u1ea1i v\u00e0 t\u01b0\u01a1ng lai.<\/p><p><b>S\u1ef1 tr\u1ea5n an<\/b><\/p><p>T\u1ea5t c\u1ea3 c\u00e1c l\u1ea7n ki\u1ec3m tra s\u1ee9c kh\u1ecfe \u0111\u1ec1u \u0111\u01b0\u1ee3c theo sau b\u1edfi c\u00e1c b\u00e1o c\u00e1o y t\u1ebf to\u00e0n di\u1ec7n \u0111\u01b0\u1ee3c c\u00e1 nh\u00e2n h\u00f3a v\u00e0 ph\u00e2n t\u00edch chuy\u00ean s\u00e2u c\u00f9ng v\u1edbi c\u00e1c khuy\u1ebfn ngh\u1ecb y t\u1ebf v\u00e0\/ho\u1eb7c l\u1ed1i s\u1ed1ng ph\u00f9 h\u1ee3p. B\u00e1o c\u00e1o y t\u1ebf gi\u00fap b\u1ec7nh nh\u00e2n y\u00ean t\u00e2m r\u1eb1ng s\u1ee9c kh\u1ecfe c\u1ee7a h\u1ecd \u0111ang \u0111\u01b0\u1ee3c ch\u0103m s\u00f3c t\u1ed1t.\u00a0<\/p><p>T\u1ea1i Raffles Medical, m\u1ed7i l\u1ea7n ki\u1ec3m tra s\u1ee9c kh\u1ecfe bao g\u1ed3m:<\/p><p>X\u00e9t nghi\u1ec7m m\u00e1u, ph\u00e2n t\u00edch n\u01b0\u1edbc ti\u1ec3u v\u00e0 \u0111\u00e1nh gi\u00e1 ti\u00eam ch\u1ee7ng<br \/>T\u01b0 v\u1ea5n l\u1ed1i s\u1ed1ng to\u00e0n di\u1ec7n v\u00e0 kh\u00e1m s\u1ee9c kh\u1ecfe v\u1edbi b\u00e1c s\u0129<br \/>B\u00e1o c\u00e1o y t\u1ebf in bao g\u1ed3m:<br \/>Doctor\u2019s report and individual health check summary<br \/>Ph\u00e2n t\u00edch d\u1eef li\u1ec7u \u0111\u1ea7y \u0111\u1ee7 v\u00e0 c\u00e1c ch\u1ec9 s\u1ed1 ph\u00e1t hi\u1ec7n b\u1ea5t k\u1ef3 v\u1ea5n \u0111\u1ec1 s\u1ee9c kh\u1ecfe n\u00e0o<br \/>H\u01b0\u1edbng d\u1eabn th\u00f4ng tin s\u1ee9c kh\u1ecfe \u0111\u1ec3 c\u1ea3i thi\u1ec7n k\u1ebft qu\u1ea3 s\u1ee9c kh\u1ecfe c\u1ee7a b\u1ea1n<\/p>\t\t\t\t\t\t\t\t<\/div>\n\t\t\t\t\t<\/div>\n\t\t<\/div>\n\t\t\t\t\t<\/div>\n\t\t<\/section>\n\t\t\t\t<\/div>","protected":false},"excerpt":{"rendered":"<p>PH\u00d2NG B\u1ec6NH H\u01a0N CH\u1eeeA B\u1ec6NH. Ch\u0103m s\u00f3c s\u1ee9c kh\u1ecfe d\u1ef1 ph\u00f2ng l\u00e0 l\u1ed9 tr\u00ecnh h\u01b0\u1edbng t\u1edbi m\u1ed9t c\u01a1 th\u1ec3 c\u00e2n \u0111\u1ed1i v\u00e0 l\u1ed1i s\u1ed1ng l\u00e0nh m\u1ea1nh. \u0110\u00f3 l\u00e0 c\u00e2u tr\u1ea3 l\u1eddi cho l\u1ed1i s\u1ed1ng hi\u1ec7n \u0111\u1ea1i, n\u01a1i ch\u00fang ta th\u01b0\u1eddng \u0111\u00e1nh \u0111\u1ed5i s\u1ee9c kh\u1ecfe \u0111\u1ec3 theo \u0111u\u1ed5i th\u00e0nh c\u00f4ng. \u0110i\u1ec1u n\u00e0y c\u00f3 ngh\u0129a l\u00e0 \u0111\u01b0a ra nh\u1eefng l\u1ef1a ch\u1ecdn \u0111\u00fang \u0111\u1eafn v\u1ec1 ch\u1ebf \u0111\u1ed9 \u0103n u\u1ed1ng v\u00e0 t\u1eadp luy\u1ec7n, v\u00e0 [\u2026]<\/p>","protected":false},"author":1,"featured_media":0,"parent":21,"menu_order":0,"comment_status":"closed","ping_status":"closed","template":"","meta":{"footnotes":""},"class_list":["post-426","page","type-page","status-publish","hentry"],"rankMath":{"parentDomain":"rafflesmedical.vn","noFollowDomains":[],"noFollowExcludeDomains":[],"noFollowExternalLinks":false,"featuredImageNotice":"H\u00ecnh \u1ea3nh n\u1ed5i b\u1eadt n\u00ean c\u00f3 k\u00edch th\u01b0\u1edbc \u00edt nh\u1ea5t 200 x 200 pixel \u0111\u1ec3 \u0111\u01b0\u1ee3c Facebook v\u00e0 c\u00e1c trang m\u1ea1ng x\u00e3 h\u1ed9i kh\u00e1c ch\u1ecdn.","pluginReviewed":false,"postSettings":{"linkSuggestions":true,"useFocusKeyword":false},"frontEndScore":false,"postName":"prevention-is-better-than-cure","permalinkFormat":"https:\/\/rafflesmedical.vn\/vi\/%pagename%\/","showLockModifiedDate":true,"assessor":{"focusKeywordLink":"https:\/\/rafflesmedical.vn\/wp-admin\/edit.php?focus_keyword=%focus_keyword%&post_type=%post_type%","hasTOCPlugin":true,"primaryTaxonomy":false,"serpData":{"title":"","description":"","focusKeywords":"","pillarContent":false,"canonicalUrl":"","breadcrumbTitle":"","advancedRobots":[],"facebookTitle":"","facebookDescription":"","facebookImage":"","facebookImageID":"","facebookHasOverlay":false,"facebookImageOverlay":"","facebookAuthor":"","twitterCardType":"","twitterUseFacebook":true,"twitterTitle":"","twitterDescription":"","twitterImage":"","twitterImageID":"","twitterHasOverlay":false,"twitterImageOverlay":"","twitterPlayerUrl":"","twitterPlayerSize":"","twitterPlayerStream":"","twitterPlayerStreamCtype":"","twitterAppDescription":"","twitterAppIphoneName":"","twitterAppIphoneID":"","twitterAppIphoneUrl":"","twitterAppIpadName":"","twitterAppIpadID":"","twitterAppIpadUrl":"","twitterAppGoogleplayName":"","twitterAppGoogleplayID":"","twitterAppGoogleplayUrl":"","twitterAppCountry":"","robots":{"index":true},"twitterAuthor":"t\u00ean ng\u01b0\u1eddi d\u00f9ng","primaryTerm":0,"authorName":"admin","titleTemplate":"%title% %sep% %sitename%","descriptionTemplate":"%excerpt%","showScoreFrontend":true,"lockModifiedDate":false},"powerWords":[],"diacritics":{"A":"[\\u0041\\u24B6\\uFF21\\u00C0\\u00C1\\u00C2\\u1EA6\\u1EA4\\u1EAA\\u1EA8\\u00C3\\u0100\\u0102\\u1EB0\\u1EAE\\u1EB4\\u1EB2\\u0226\\u01E0\\u00C4\\u01DE\\u1EA2\\u00C5\\u01FA\\u01CD\\u0200\\u0202\\u1EA0\\u1EAC\\u1EB6\\u1E00\\u0104\\u023A\\u2C6F]","AA":"[\\uA732]","AE":"[\\u00C6\\u01FC\\u01E2]","AO":"[\\uA734]","AU":"[\\uA736]","AV":"[\\uA738\\uA73A]","AY":"[\\uA73C]","B":"[\\u0042\\u24B7\\uFF22\\u1E02\\u1E04\\u1E06\\u0243\\u0182\\u0181]","C":"[\\u0043\\u24B8\\uFF23\\u0106\\u0108\\u010A\\u010C\\u00C7\\u1E08\\u0187\\u023B\\uA73E]","D":"[\\u0044\\u24B9\\uFF24\\u1E0A\\u010E\\u1E0C\\u1E10\\u1E12\\u1E0E\\u0110\\u018B\\u018A\\u0189\\uA779]","DZ":"[\\u01F1\\u01C4]","Dz":"[\\u01F2\\u01C5]","E":"[\\u0045\\u24BA\\uFF25\\u00C8\\u00C9\\u00CA\\u1EC0\\u1EBE\\u1EC4\\u1EC2\\u1EBC\\u0112\\u1E14\\u1E16\\u0114\\u0116\\u00CB\\u1EBA\\u011A\\u0204\\u0206\\u1EB8\\u1EC6\\u0228\\u1E1C\\u0118\\u1E18\\u1E1A\\u0190\\u018E]","F":"[\\u0046\\u24BB\\uFF26\\u1E1E\\u0191\\uA77B]","G":"[\\u0047\\u24BC\\uFF27\\u01F4\\u011C\\u1E20\\u011E\\u0120\\u01E6\\u0122\\u01E4\\u0193\\uA7A0\\uA77D\\uA77E]","H":"[\\u0048\\u24BD\\uFF28\\u0124\\u1E22\\u1E26\\u021E\\u1E24\\u1E28\\u1E2A\\u0126\\u2C67\\u2C75\\uA78D]","I":"[\\u0049\\u24BE\\uFF29\\u00CC\\u00CD\\u00CE\\u0128\\u012A\\u012C\\u0130\\u00CF\\u1E2E\\u1EC8\\u01CF\\u0208\\u020A\\u1ECA\\u012E\\u1E2C\\u0197]","J":"[\\u004A\\u24BF\\uFF2A\\u0134\\u0248]","K":"[\\u004B\\u24C0\\uFF2B\\u1E30\\u01E8\\u1E32\\u0136\\u1E34\\u0198\\u2C69\\uA740\\uA742\\uA744\\uA7A2]","L":"[\\u004C\\u24C1\\uFF2C\\u013F\\u0139\\u013D\\u1E36\\u1E38\\u013B\\u1E3C\\u1E3A\\u0141\\u023D\\u2C62\\u2C60\\uA748\\uA746\\uA780]","LJ":"[\\u01C7]","Lj":"[\\u01C8]","M":"[\\u004D\\u24C2\\uFF2D\\u1E3E\\u1E40\\u1E42\\u2C6E\\u019C]","N":"[\\u004E\\u24C3\\uFF2E\\u01F8\\u0143\\u00D1\\u1E44\\u0147\\u1E46\\u0145\\u1E4A\\u1E48\\u0220\\u019D\\uA790\\uA7A4]","NJ":"[\\u01CA]","Nj":"[\\u01CB]","O":"[\\u004F\\u24C4\\uFF2F\\u00D2\\u00D3\\u00D4\\u1ED2\\u1ED0\\u1ED6\\u1ED4\\u00D5\\u1E4C\\u022C\\u1E4E\\u014C\\u1E50\\u1E52\\u014E\\u022E\\u0230\\u00D6\\u022A\\u1ECE\\u0150\\u01D1\\u020C\\u020E\\u01A0\\u1EDC\\u1EDA\\u1EE0\\u1EDE\\u1EE2\\u1ECC\\u1ED8\\u01EA\\u01EC\\u00D8\\u01FE\\u0186\\u019F\\uA74A\\uA74C]","OI":"[\\u01A2]","OO":"[\\uA74E]","OU":"[\\u0222]","P":"[\\u0050\\u24C5\\uFF30\\u1E54\\u1E56\\u01A4\\u2C63\\uA750\\uA752\\uA754]","Q":"[\\u0051\\u24C6\\uFF31\\uA756\\uA758\\u024A]","R":"[\\u0052\\u24C7\\uFF32\\u0154\\u1E58\\u0158\\u0210\\u0212\\u1E5A\\u1E5C\\u0156\\u1E5E\\u024C\\u2C64\\uA75A\\uA7A6\\uA782]","S":"[\\u0053\\u24C8\\uFF33\\u1E9E\\u015A\\u1E64\\u015C\\u1E60\\u0160\\u1E66\\u1E62\\u1E68\\u0218\\u015E\\u2C7E\\uA7A8\\uA784]","T":"[\\u0054\\u24C9\\uFF34\\u1E6A\\u0164\\u1E6C\\u021A\\u0162\\u1E70\\u1E6E\\u0166\\u01AC\\u01AE\\u023E\\uA786]","TZ":"[\\uA728]","U":"[\\u0055\\u24CA\\uFF35\\u00D9\\u00DA\\u00DB\\u0168\\u1E78\\u016A\\u1E7A\\u016C\\u00DC\\u01DB\\u01D7\\u01D5\\u01D9\\u1EE6\\u016E\\u0170\\u01D3\\u0214\\u0216\\u01AF\\u1EEA\\u1EE8\\u1EEE\\u1EEC\\u1EF0\\u1EE4\\u1E72\\u0172\\u1E76\\u1E74\\u0244]","V":"[\\u0056\\u24CB\\uFF36\\u1E7C\\u1E7E\\u01B2\\uA75E\\u0245]","VY":"[\\uA760]","W":"[\\u0057\\u24CC\\uFF37\\u1E80\\u1E82\\u0174\\u1E86\\u1E84\\u1E88\\u2C72]","X":"[\\u0058\\u24CD\\uFF38\\u1E8A\\u1E8C]","Y":"[\\u0059\\u24CE\\uFF39\\u1EF2\\u00DD\\u0176\\u1EF8\\u0232\\u1E8E\\u0178\\u1EF6\\u1EF4\\u01B3\\u024E\\u1EFE]","Z":"[\\u005A\\u24CF\\uFF3A\\u0179\\u1E90\\u017B\\u017D\\u1E92\\u1E94\\u01B5\\u0224\\u2C7F\\u2C6B\\uA762]","a":"[\\u0061\\u24D0\\uFF41\\u1E9A\\u00E0\\u00E1\\u00E2\\u1EA7\\u1EA5\\u1EAB\\u1EA9\\u00E3\\u0101\\u0103\\u1EB1\\u1EAF\\u1EB5\\u1EB3\\u0227\\u01E1\\u00E4\\u01DF\\u1EA3\\u00E5\\u01FB\\u01CE\\u0201\\u0203\\u1EA1\\u1EAD\\u1EB7\\u1E01\\u0105\\u2C65\\u0250]","aa":"[\\uA733]","ae":"[\\u00E6\\u01FD\\u01E3]","ao":"[\\uA735]","au":"[\\uA737]","av":"[\\uA739\\uA73B]","ay":"[\\uA73D]","b":"[\\u0062\\u24D1\\uFF42\\u1E03\\u1E05\\u1E07\\u0180\\u0183\\u0253]","c":"[\\u0063\\u24D2\\uFF43\\u0107\\u0109\\u010B\\u010D\\u00E7\\u1E09\\u0188\\u023C\\uA73F\\u2184]","d":"[\\u0064\\u24D3\\uFF44\\u1E0B\\u010F\\u1E0D\\u1E11\\u1E13\\u1E0F\\u0111\\u018C\\u0256\\u0257\\uA77A]","dz":"[\\u01F3\\u01C6]","e":"[\\u0065\\u24D4\\uFF45\\u00E8\\u00E9\\u00EA\\u1EC1\\u1EBF\\u1EC5\\u1EC3\\u1EBD\\u0113\\u1E15\\u1E17\\u0115\\u0117\\u00EB\\u1EBB\\u011B\\u0205\\u0207\\u1EB9\\u1EC7\\u0229\\u1E1D\\u0119\\u1E19\\u1E1B\\u0247\\u025B\\u01DD]","f":"[\\u0066\\u24D5\\uFF46\\u1E1F\\u0192\\uA77C]","g":"[\\u0067\\u24D6\\uFF47\\u01F5\\u011D\\u1E21\\u011F\\u0121\\u01E7\\u0123\\u01E5\\u0260\\uA7A1\\u1D79\\uA77F]","h":"[\\u0068\\u24D7\\uFF48\\u0125\\u1E23\\u1E27\\u021F\\u1E25\\u1E29\\u1E2B\\u1E96\\u0127\\u2C68\\u2C76\\u0265]","hv":"[\\u0195]","i":"[\\u0069\\u24D8\\uFF49\\u00EC\\u00ED\\u00EE\\u0129\\u012B\\u012D\\u00EF\\u1E2F\\u1EC9\\u01D0\\u0209\\u020B\\u1ECB\\u012F\\u1E2D\\u0268\\u0131]","j":"[\\u006A\\u24D9\\uFF4A\\u0135\\u01F0\\u0249]","k":"[\\u006B\\u24DA\\uFF4B\\u1E31\\u01E9\\u1E33\\u0137\\u1E35\\u0199\\u2C6A\\uA741\\uA743\\uA745\\uA7A3]","l":"[\\u006C\\u24DB\\uFF4C\\u0140\\u013A\\u013E\\u1E37\\u1E39\\u013C\\u1E3D\\u1E3B\\u017F\\u0142\\u019A\\u026B\\u2C61\\uA749\\uA781\\uA747]","lj":"[\\u01C9]","m":"[\\u006D\\u24DC\\uFF4D\\u1E3F\\u1E41\\u1E43\\u0271\\u026F]","n":"[\\u006E\\u24DD\\uFF4E\\u01F9\\u0144\\u00F1\\u1E45\\u0148\\u1E47\\u0146\\u1E4B\\u1E49\\u019E\\u0272\\u0149\\uA791\\uA7A5]","nj":"[\\u01CC]","o":"[\\u006F\\u24DE\\uFF4F\\u00F2\\u00F3\\u00F4\\u1ED3\\u1ED1\\u1ED7\\u1ED5\\u00F5\\u1E4D\\u022D\\u1E4F\\u014D\\u1E51\\u1E53\\u014F\\u022F\\u0231\\u00F6\\u022B\\u1ECF\\u0151\\u01D2\\u020D\\u020F\\u01A1\\u1EDD\\u1EDB\\u1EE1\\u1EDF\\u1EE3\\u1ECD\\u1ED9\\u01EB\\u01ED\\u00F8\\u01FF\\u0254\\uA74B\\uA74D\\u0275]","oi":"[\\u01A3]","ou":"[\\u0223]","oo":"[\\uA74F]","p":"[\\u0070\\u24DF\\uFF50\\u1E55\\u1E57\\u01A5\\u1D7D\\uA751\\uA753\\uA755]","q":"[\\u0071\\u24E0\\uFF51\\u024B\\uA757\\uA759]","r":"[\\u0072\\u24E1\\uFF52\\u0155\\u1E59\\u0159\\u0211\\u0213\\u1E5B\\u1E5D\\u0157\\u1E5F\\u024D\\u027D\\uA75B\\uA7A7\\uA783]","s":"[\\u0073\\u24E2\\uFF53\\u015B\\u1E65\\u015D\\u1E61\\u0161\\u1E67\\u1E63\\u1E69\\u0219\\u015F\\u023F\\uA7A9\\uA785\\u1E9B]","ss":"[\\u00DF]","t":"[\\u0074\\u24E3\\uFF54\\u1E6B\\u1E97\\u0165\\u1E6D\\u021B\\u0163\\u1E71\\u1E6F\\u0167\\u01AD\\u0288\\u2C66\\uA787]","tz":"[\\uA729]","u":"[\\u0075\\u24E4\\uFF55\\u00F9\\u00FA\\u00FB\\u0169\\u1E79\\u016B\\u1E7B\\u016D\\u00FC\\u01DC\\u01D8\\u01D6\\u01DA\\u1EE7\\u016F\\u0171\\u01D4\\u0215\\u0217\\u01B0\\u1EEB\\u1EE9\\u1EEF\\u1EED\\u1EF1\\u1EE5\\u1E73\\u0173\\u1E77\\u1E75\\u0289]","v":"[\\u0076\\u24E5\\uFF56\\u1E7D\\u1E7F\\u028B\\uA75F\\u028C]","vy":"[\\uA761]","w":"[\\u0077\\u24E6\\uFF57\\u1E81\\u1E83\\u0175\\u1E87\\u1E85\\u1E98\\u1E89\\u2C73]","x":"[\\u0078\\u24E7\\uFF58\\u1E8B\\u1E8D]","y":"[\\u0079\\u24E8\\uFF59\\u1EF3\\u00FD\\u0177\\u1EF9\\u0233\\u1E8F\\u00FF\\u1EF7\\u1E99\\u1EF5\\u01B4\\u024F\\u1EFF]","z":"[\\u007A\\u24E9\\uFF5A\\u017A\\u1E91\\u017C\\u017E\\u1E93\\u1E95\\u01B6\\u0225\\u0240\\u2C6C\\uA763]"},"researchesTests":["contentHasTOC","contentHasShortParagraphs","contentHasAssets","keywordInTitle","keywordInMetaDescription","keywordInPermalink","keywordIn10Percent","keywordInContent","keywordInSubheadings","keywordInImageAlt","keywordDensity","keywordNotUsed","lengthContent","lengthPermalink","linksHasInternal","linksHasExternals","linksNotAllExternals","titleStartWithKeyword","titleSentiment","titleHasPowerWords","titleHasNumber","hasContentAI"],"hasRedirection":true,"hasBreadcrumb":false},"homeUrl":"https:\/\/rafflesmedical.vn\/vi","objectID":426,"objectType":"post","locale":"vi","localeFull":"vi","overlayImages":{"play":{"name":"Bi\u1ec3u t\u01b0\u1ee3ng ph\u00e1t","url":"https:\/\/rafflesmedical.vn\/wp-content\/plugins\/seo-by-rank-math\/assets\/admin\/img\/icon-play.png","path":"\/home\/rafflesmedical.vn\/public_html\/wp-content\/plugins\/seo-by-rank-math\/assets\/admin\/img\/icon-play.png","position":"middle_center"},"gif":{"name":"Bi\u1ec3u t\u01b0\u1ee3ng GIF","url":"https:\/\/rafflesmedical.vn\/wp-content\/plugins\/seo-by-rank-math\/assets\/admin\/img\/icon-gif.png","path":"\/home\/rafflesmedical.vn\/public_html\/wp-content\/plugins\/seo-by-rank-math\/assets\/admin\/img\/icon-gif.png","position":"middle_center"}},"defautOgImage":"https:\/\/rafflesmedical.vn\/wp-content\/plugins\/seo-by-rank-math\/assets\/admin\/img\/social-placeholder.jpg","customPermalinks":true,"isUserRegistered":false,"autoSuggestKeywords":false,"connectSiteUrl":"https:\/\/rankmath.com\/auth?site=https%3A%2F%2Frafflesmedical.vn%2Fvi&r=https%3A%2F%2Frafflesmedical.vn%2Fvi%2Fwp-json%2Fwp%2Fv2%2Fpages%2F426%3Fnonce%3Dfd6ec14420","maxTags":5,"trendsIcon":"<svg viewBox=\"0 0 610 610\"><path d=\"M18.85,446,174.32,290.48l58.08,58.08L76.93,504a14.54,14.54,0,0,1-20.55,0L18.83,466.48a14.54,14.54,0,0,1,0-20.55Z\" style=\"fill:#4285f4\"\/><path d=\"M242.65,242.66,377.59,377.6l-47.75,47.75a14.54,14.54,0,0,1-20.55,0L174.37,290.43l47.75-47.75A14.52,14.52,0,0,1,242.65,242.66Z\" style=\"fill:#ea4335\"\/><polygon points=\"319.53 319.53 479.26 159.8 537.34 217.88 377.61 377.62 319.53 319.53\" style=\"fill:#fabb05\"\/><path d=\"M594.26,262.73V118.61h0a16.94,16.94,0,0,0-16.94-16.94H433.2a16.94,16.94,0,0,0-12,28.92L565.34,274.71h0a16.94,16.94,0,0,0,28.92-12Z\" style=\"fill:#34a853\"\/><rect width=\"610\" height=\"610\" style=\"fill:none\"\/><\/svg>","showScore":true,"siteFavIcon":"https:\/\/rafflesmedical.vn\/wp-content\/uploads\/2021\/11\/cropped-fav-rm-270x270-1-100x100.webp","canUser":{"general":false,"advanced":false,"snippet":false,"social":false,"analysis":false,"analytics":false,"content_ai":false},"isPro":false,"is_front_page":false,"trendsUpgradeLink":"https:\/\/rankmath.com\/pricing\/?utm_source=Plugin&utm_medium=CE%20General%20Tab%20Trends&utm_campaign=WP","trendsUpgradeLabel":"N\u00e2ng c\u1ea5p","trendsPreviewImage":"https:\/\/rafflesmedical.vn\/wp-content\/plugins\/seo-by-rank-math\/assets\/admin\/img\/trends-preview.jpg","currentEditor":false,"homepageData":{"assessor":{"powerWords":[],"diacritics":true,"researchesTests":["contentHasTOC","contentHasShortParagraphs","contentHasAssets","keywordInTitle","keywordInMetaDescription","keywordInPermalink","keywordIn10Percent","keywordInContent","keywordInSubheadings","keywordInImageAlt","keywordDensity","keywordNotUsed","lengthContent","lengthPermalink","linksHasInternal","linksHasExternals","linksNotAllExternals","titleStartWithKeyword","titleSentiment","titleHasPowerWords","titleHasNumber","hasContentAI"],"hasBreadcrumb":false,"serpData":{"title":"%sitename% %page% %sep% %sitedesc%","description":"","titleTemplate":"%sitename% %page% %sep% %sitedesc%","descriptionTemplate":"","focusKeywords":"","breadcrumbTitle":"Home","robots":{"index":true},"advancedRobots":[],"facebookTitle":"","facebookDescription":"","facebookImage":"","facebookImageID":""}}},"tocTitle":"Table of Contents","tocExcludeHeadings":[],"listStyle":"ul"},"_links":{"self":[{"href":"https:\/\/rafflesmedical.vn\/vi\/wp-json\/wp\/v2\/pages\/426","targetHints":{"allow":["GET"]}}],"collection":[{"href":"https:\/\/rafflesmedical.vn\/vi\/wp-json\/wp\/v2\/pages"}],"about":[{"href":"https:\/\/rafflesmedical.vn\/vi\/wp-json\/wp\/v2\/types\/page"}],"author":[{"embeddable":true,"href":"https:\/\/rafflesmedical.vn\/vi\/wp-json\/wp\/v2\/users\/1"}],"replies":[{"embeddable":true,"href":"https:\/\/rafflesmedical.vn\/vi\/wp-json\/wp\/v2\/comments?post=426"}],"version-history":[{"count":52,"href":"https:\/\/rafflesmedical.vn\/vi\/wp-json\/wp\/v2\/pages\/426\/revisions"}],"predecessor-version":[{"id":9332,"href":"https:\/\/rafflesmedical.vn\/vi\/wp-json\/wp\/v2\/pages\/426\/revisions\/9332"}],"up":[{"embeddable":true,"href":"https:\/\/rafflesmedical.vn\/vi\/wp-json\/wp\/v2\/pages\/21"}],"wp:attachment":[{"href":"https:\/\/rafflesmedical.vn\/vi\/wp-json\/wp\/v2\/media?parent=426"}],"curies":[{"name":"wp","href":"https:\/\/api.w.org\/{rel}","templated":true}]}}