{"id":3138,"date":"2022-09-07T10:35:23","date_gmt":"2022-09-07T10:35:23","guid":{"rendered":"https:\/\/new-rafflesmedical.jaysoft.asia\/?page_id=3138"},"modified":"2025-09-11T23:37:27","modified_gmt":"2025-09-11T16:37:27","slug":"health-check-preparation","status":"publish","type":"page","link":"https:\/\/rafflesmedical.vn\/vi\/health-check-preparation\/","title":{"rendered":"NH\u1eeeNG L\u01afU \u00dd TR\u01af\u1edaC KHI KH\u00c1M T\u1ed4NG QU\u00c1T"},"content":{"rendered":"<div data-elementor-type=\"wp-page\" data-elementor-id=\"3138\" class=\"elementor elementor-3138\" data-elementor-post-type=\"page\">\n\t\t\t\t\t\t<section class=\"elementor-section elementor-top-section elementor-element elementor-element-57cc9b9 banner-destop elementor-section-full_width elementor-section-height-default elementor-section-height-default\" data-id=\"57cc9b9\" data-element_type=\"section\" data-e-type=\"section\" data-settings=\"{&quot;background_background&quot;:&quot;classic&quot;}\">\n\t\t\t\t\t\t<div class=\"elementor-container elementor-column-gap-default\">\n\t\t\t\t\t<div class=\"elementor-column elementor-col-100 elementor-top-column elementor-element elementor-element-b428d93\" data-id=\"b428d93\" data-element_type=\"column\" data-e-type=\"column\">\n\t\t\t<div class=\"elementor-widget-wrap\">\n\t\t\t\t\t\t\t<\/div>\n\t\t<\/div>\n\t\t\t\t\t<\/div>\n\t\t<\/section>\n\t\t\t\t<section class=\"elementor-section elementor-top-section elementor-element elementor-element-df2631a elementor-section-boxed elementor-section-height-default elementor-section-height-default\" data-id=\"df2631a\" data-element_type=\"section\" data-e-type=\"section\">\n\t\t\t\t\t\t<div class=\"elementor-container elementor-column-gap-default\">\n\t\t\t\t\t<div class=\"elementor-column elementor-col-100 elementor-top-column elementor-element elementor-element-2e1b637\" data-id=\"2e1b637\" data-element_type=\"column\" data-e-type=\"column\">\n\t\t\t<div class=\"elementor-widget-wrap elementor-element-populated\">\n\t\t\t\t\t\t<div class=\"elementor-element elementor-element-89c84fa elementor-widget elementor-widget-text-editor\" data-id=\"89c84fa\" data-element_type=\"widget\" data-e-type=\"widget\" data-widget_type=\"text-editor.default\">\n\t\t\t\t\t\t\t\t\t<h2 style=\"text-align: center;\"><b><span data-contrast=\"auto\">NH\u1eeeNG L\u01afU \u00dd TR\u01af\u1edaC KHI KH\u00c1M T\u1ed4NG QU\u00c1T<\/span><\/b><span data-ccp-props=\"{\">\u00a0<\/span><\/h2><p style=\"text-align: left;\"><b><span data-contrast=\"auto\">QUY TR\u00ccNH KH\u00c1M T\u1ed4NG QU\u00c1T BAO G\u1ed2M<\/span><\/b><span data-ccp-props=\"{\">\u00a0<\/span><\/p>\t\t\t\t\t\t\t\t<\/div>\n\t\t\t\t<div class=\"elementor-element elementor-element-e4299e8 elementor-widget elementor-widget-text-editor\" data-id=\"e4299e8\" data-element_type=\"widget\" data-e-type=\"widget\" data-widget_type=\"text-editor.default\">\n\t\t\t\t\t\t\t\t\t<p style=\"text-align: left;\"><b><span data-contrast=\"auto\">PH\u1ea6N 1:<\/span><\/b><span data-contrast=\"auto\"> L\u1ea5y m\u1eabu x\u00e9t nghi\u1ec7m: (bao g\u1ed3m m\u1eabu m\u00e1u, n\u01b0\u1edbc ti\u1ec3u v\u00e0 ph\u00e2n)<\/span><span data-ccp-props=\"{\">\u00a0<\/span><\/p><p><b><span data-contrast=\"auto\">PH\u1ea6N 2:<\/span><\/b><span data-contrast=\"auto\"> \u0110o sinh hi\u1ec7u, chi\u1ec1u cao, c\u00e2n n\u1eb7ng | \u0110o th\u1ecb l\u1ef1c | Th\u00ednh l\u1ef1c | \u0110o \u0111i\u1ec7n t\u00e2m \u0111\u1ed3 | X-quang Si\u00eau \u00e2m b\u1ee5ng | Kh\u00e1m ph\u1ee5 khoa<\/span><span data-ccp-props=\"{\">\u00a0<\/span><\/p><p><b><span data-contrast=\"auto\">PH\u1ea6N 3:<\/span><\/b><span data-contrast=\"auto\"> Kh\u00e1m v\u00e0 t\u01b0 v\u1ea5n v\u1edbi b\u00e1c s\u0129.<\/span><span data-ccp-props=\"{\">\u00a0<\/span><\/p><p><span data-contrast=\"auto\">(*) C\u00e1c m\u1eabu x\u00e9t nghi\u1ec7m m\u00e1u, n\u01b0\u1edbc ti\u1ec3u v\u00e0 ph\u00e2n c\u1ea7n \u0111\u01b0\u1ee3c l\u1ea5y t\u1ea1i ph\u00f2ng kh\u00e1m.\u00a0<\/span><span data-ccp-props=\"{\">\u00a0<\/span><\/p><p><span data-contrast=\"auto\">(*) (D\u00e0nh cho kh\u00e1ch n\u1eef) Vui l\u00f2ng th\u00f4ng b\u00e1o cho nh\u00e2n vi\u00ean ph\u00f2ng kh\u00e1m n\u1ebfu nh\u01b0 qu\u00fd kh\u00e1ch \u0111ang trong giai \u0111o\u1ea1n kinh nguy\u1ec7t. C\u00e1c m\u1eabu n\u01b0\u1edbc ti\u1ec3u, ph\u00e2n v\u00e0 ph\u1ebft t\u1ebf b\u00e0o c\u1ed5 t\u1eed cung n\u00ean \u0111\u01b0\u1ee3c l\u1ea5y sau khi s\u1ea1ch kinh 5 ng\u00e0y v\u00ec vi\u1ec7c nhi\u1ec5m m\u00e1u s\u1ebd \u1ea3nh h\u01b0\u1edfng \u0111\u1ebfn k\u1ebft qu\u1ea3 ph\u00e2n t\u00edch m\u1eabu. Ch\u00fang t\u00f4i s\u1ebd kh\u00f4ng nh\u1eadn m\u1eabu n\u1ed9p sau 7 ng\u00e0y k\u1ec3 t\u1eeb ng\u00e0y kh\u00e1m th\u1ef1c th\u1ec3 t\u1ea1i ph\u00f2ng kh\u00e1m. Vi\u1ec7c n\u00e0y gi\u00fap b\u00e1c s\u0129 ho\u00e0n t\u1ea5t k\u1ebft qu\u1ea3 kh\u00e1m s\u1ee9c kho\u1ebb \u0111\u00fang th\u1eddi h\u1ea1n m\u00e0 kh\u00f4ng ph\u1ea3i ch\u1edd c\u00e1c k\u1ebft qu\u1ea3 c\u1ee7a x\u00e9t nghi\u1ec7m \u0111ang b\u1ecb ho\u00e3n l\u1ea1i.\u00a0<\/span><span data-ccp-props=\"{\">\u00a0<\/span><\/p><p><span data-contrast=\"auto\">(*) K\u1ebft qu\u1ea3 x\u00e9t nghi\u1ec7m s\u1ebd c\u00f3 sau hai ng\u00e0y l\u00e0m vi\u1ec7c. M\u1ed9t s\u1ed1 x\u00e9t nghi\u1ec7m c\u00f3 th\u1ec3 y\u00eau c\u1ea7u th\u1eddi gian x\u1eed l\u00fd l\u00e2u h\u01a1n (V\u00ed d\u1ee5: ph\u1ebft t\u1ebf b\u00e0o t\u1eed cung &amp; HPV s\u1ebd c\u00f3 trong kho\u1ea3ng 5 ng\u00e0y l\u00e0m vi\u1ec7c).<\/span><span data-ccp-props=\"{\">\u00a0<\/span><\/p><p><span data-ccp-props=\"{\">\u00a0<\/span><\/p><p><b><span data-contrast=\"auto\">NH\u1eeeNG L\u01afU \u00dd QUAN TR\u1eccNG<\/span><\/b><span data-ccp-props=\"{\">\u00a0<\/span><\/p><p><b><span data-contrast=\"auto\">N\u00ean ng\u1ee7 \u00edt nh\u1ea5t s\u00e1u gi\u1edd tr\u01b0\u1edbc khi kh\u00e1m. Thi\u1ebfu ng\u1ee7 c\u00f3 th\u1ec3 g\u00e2y ra k\u1ebft qu\u1ea3 b\u1ea5t th\u01b0\u1eddng v\u1ec1 huy\u1ebft \u00e1p, nh\u1ecbp tim v\u00e0 nhi\u1ec7t \u0111\u1ed9 c\u01a1 th\u1ec3. B\u00e1c s\u0129 kh\u00f4ng th\u1ec3 \u0111\u00e1nh gi\u00e1 n\u1ebfu c\u00e1c d\u1ea5u hi\u1ec7u l\u00e0 b\u1ea5t th\u01b0\u1eddng th\u1ef1c s\u1ef1.\u00a0<\/span><\/b><span data-ccp-props=\"{\">\u00a0<\/span><\/p><ol><li><span data-contrast=\"auto\"> Prepare for blood test: do not eat or drink for at least 8\u201310 hours prior to getting a blood test. However, water can be freely taken to avoid the effects of dehydration on your blood sugar level and cholesterol levels in the tests. If you are not going to do a blood test as mentioned above, you can eat and drink as usual.\u00a0<\/span><\/li><li><span data-contrast=\"auto\"> Vui l\u00f2ng kh\u00f4ng u\u00f4\u0301ng th\u1ee9c u\u1ed1ng c\u00f3 c\u1ed3n trong \u00edt nh\u1ea5t 24 gi\u1edd tr\u01b0\u1edbc khi l\u1ea5y m\u1eabu v\u00ec th\u1ee9c u\u1ed1ng c\u00f3 c\u1ed3n c\u00f3 th\u1ec3 \u1ea3nh h\u01b0\u1edfng \u0111\u1ebfn m\u1ed9t s\u1ed1 x\u00e9t nghi\u1ec7m. N\u1ebfu \u0111\u00e3 s\u1eed d\u1ee5ng th\u1ee9c u\u1ed1ng c\u00f3 c\u1ed3n tr\u01b0\u1edbc \u0111\u00f3, xin vui l\u00f2ng th\u00f4ng b\u00e1o cho b\u00e1c s\u0129 ho\u1eb7c \u0111i\u1ec1u d\u01b0\u1ee1ng tr\u01b0\u1edbc khi ti\u1ebfn h\u00e0nh l\u1ea5y m\u1eabu m\u00e1u.\u00a0<\/span><\/li><li><span data-contrast=\"auto\"> If you are taking medicine for hypertension, you may continue taking it as per your doctor\u2019s prescription. For any other medical conditions, please check with your doctor if it is possible for you to postpone your routine morning medication until your blood sample is taken.\u00a0<\/span><\/li><li><span data-contrast=\"auto\"> N\u1ebfu \u0111ang mang thai ho\u1eb7c nghi ng\u1edd c\u00f3 thai, vui l\u00f2ng th\u00f4ng b\u00e1o cho nh\u00e2n vi\u00ean \u0111\u1ec3 h\u1ee7y ch\u1ee5p X-quang.<\/span><\/li><li><span data-contrast=\"auto\"> Vui l\u00f2ng mang theo c\u00e1c k\u1ebft qu\u1ea3 x\u00e9t nghi\u1ec7m ho\u1eb7c b\u00e1o c\u00e1o y khoa \u0111\u1ec3 h\u1ed7 tr\u1ee3 qu\u00e1 tr\u00ecnh kh\u00e1m t\u1ed5ng qu\u00e1t n\u1ebfu qu\u00fd kh\u00e1ch c\u00f3 b\u1ec7nh m\u00e3n t\u00ednh ho\u1eb7c c\u00e1c v\u1ea5n \u0111\u1ec1 s\u1ee9c kh\u1ecfe kh\u00e1c.\u00a0<\/span><\/li><li><span data-contrast=\"auto\"> M\u1eb7c trang ph\u1ee5c r\u1eddi, tho\u1ea3i m\u00e1i \u0111\u1ec3 thu\u1eadn ti\u1ec7n cho c\u00e1c b\u01b0\u1edbc th\u0103m kh\u00e1m.\u00a0\u00a0\u00a0<\/span><\/li><li><span data-contrast=\"auto\"> \u0110\u1ed1i v\u1edbi x\u00e9t nghi\u1ec7m m\u1eabu ph\u00e2n: vui l\u00f2ng tr\u00e1nh s\u1eed d\u1ee5ng th\u1ecbt \u0111\u1ecf v\u00e0 s\u1eaft trong v\u00f2ng 3 ng\u00e0y tr\u01b0\u1edbc khi l\u1ea5y m\u1eabu. L\u1ea5y m\u1eabu ph\u00e2n (kho\u1ea3ng 2 mu\u1ed7ng nh\u1ecf) v\u00e0 cho v\u00e0o h\u1ed9p nh\u1ef1a \u0111\u1ef1ng m\u1eabu \u0111\u01b0\u1ee3c cung c\u1ea5p b\u1edfi Raffles Medical v\u1edbi nh\u00e3n t\u00ean \u0111\u01b0\u1ee3c d\u00e1n tr\u00ean h\u1ed9p \u0111\u1ef1ng.\u00a0<\/span><\/li><li><span data-contrast=\"auto\"> For women with digital mammograms, do not wear any deodorant, perfume, powder or moisturiser under your armpits or breasts as it may interfere with the quality of the mammogram. Avoid having your test during your menstrual period as the breasts are tense at that time. Please schedule your appointment about 5\u20137 days after your menstrual period. Tell your radiographer if you have breast implants\/hormone replacement therapy or a cardiac device such as a pacemaker. Wearing a blouse with a skirt or slacks will be more convenient for you than a dress.\u00a0<\/span><\/li><li><span data-contrast=\"auto\"> Qu\u00fd kh\u00e1ch c\u00f3 c\u00e1c t\u1eadt kh\u00fac x\u1ea1 v\u1ec1 m\u1eaft v\u00e0 \u0111ang s\u1eed d\u1ee5ng k\u00ednh \u0111i\u1ec1u ch\u1ec9nh, vui l\u00f2ng mang theo k\u00ednh (ho\u1eb7c k\u00ednh \u00e1p tr\u00f2ng) khi ki\u1ec3m tra th\u1ecb l\u1ef1c.\u00a0<\/span><\/li><li><span data-contrast=\"auto\"> Vui l\u00f2ng \u0111\u1ebfn \u0111\u00fang l\u1ecbch h\u1eb9n v\u00ec c\u00f3 th\u1ec3 l\u00e0m \u1ea3nh h\u01b0\u1edfng \u0111\u1ebfn th\u1eddi gian c\u1ee7a c\u00e1c l\u1ecbch h\u1eb9n kh\u00e1c.<\/span><\/li><\/ol><p><span data-ccp-props=\"{\">\u00a0<\/span><\/p><p><b><span data-contrast=\"auto\">H\u01af\u1edaNG D\u1eaaN L\u1ea4Y M\u1eaaU M\u00c1U, N\u01af\u1edaC TI\u1ec2U V\u00c0 PH\u00c2N<\/span><\/b><span data-ccp-props=\"{\">\u00a0<\/span><\/p>\t\t\t\t\t\t\t\t<\/div>\n\t\t\t\t<div class=\"elementor-element elementor-element-ad973de elementor-widget elementor-widget-text-editor\" data-id=\"ad973de\" data-element_type=\"widget\" data-e-type=\"widget\" data-widget_type=\"text-editor.default\">\n\t\t\t\t\t\t\t\t\t<p><b><span data-contrast=\"auto\">M\u1eaaU M\u00c1U:<\/span><\/b><span data-contrast=\"auto\"> Vui l\u00f2ng nh\u1ecbn \u0103n \u00edt nh\u1ea5t 8 ti\u1ebfng tr\u01b0\u1edbc khi l\u1ea5y m\u00e1u. Kh\u00f4ng \u0103n ho\u1eb7c s\u1eed d\u1ee5ng th\u1ee9c u\u1ed1ng, tr\u1eeb n\u01b0\u1edbc l\u1ecdc<\/span><span data-ccp-props=\"{\">\u00a0<\/span><\/p><p><b><span data-contrast=\"auto\">M\u1eaaU N\u01af\u1edaC TI\u1ec2U:<\/span><\/b><span data-contrast=\"auto\"> L\u00e0m s\u1ea1ch v\u00f9ng sinh d\u1ee5c tr\u01b0\u1edbc khi l\u1ea5y m\u1eabu n\u01b0\u1edbc ti\u1ec3u. L\u1ea5y n\u01b0\u1edbc ti\u1ec3u gi\u1eefa d\u00f2ng v\u00e0 l\u1ea5y kho\u1ea3ng m\u1ed9t n\u1eeda l\u1ecd \u0111\u1ef1ng n\u01b0\u1edbc ti\u1ec3u.<\/span><span data-ccp-props=\"{\">\u00a0<\/span><\/p><p><b><span data-contrast=\"auto\">M\u1eaaU PH\u00c2N:<\/span><\/b><span data-contrast=\"auto\"> Vui l\u00f2ng s\u1eed d\u1ee5ng mu\u1ed7ng nh\u1ecf trong l\u1ecd \u0111\u1ef1ng m\u1eabu v\u00e0 cho m\u1eabu ph\u00e2n v\u00e0o l\u1ecd \u0111\u1ef1ng m\u1eabu s\u1ea1ch (cung c\u1ea5p b\u1edfi Raffles Medical) \u0111\u1ec3 m\u1eabu ph\u00e2n kh\u00f4ng b\u1ecb nhi\u1ec5m b\u1ea9n b\u1edfi n\u01b0\u1edbc v\u00e0 n\u01b0\u1edbc ti\u1ec3u.<\/span><span data-ccp-props=\"{\">\u00a0<\/span><\/p><p><span data-ccp-props=\"{\">\u00a0<\/span><\/p><p><b><span data-contrast=\"auto\">VUI L\u00d2NG MANG THEO<\/span><\/b><span data-ccp-props=\"{\">\u00a0<\/span><\/p><ol><li><span data-contrast=\"auto\"> C\u00e1c k\u1ebft qu\u1ea3 kh\u00e1m s\u1ee9c kho\u1ebb, toa thu\u1ed1c \u0111ang s\u1eed d\u1ee5ng, c\u00e1c k\u1ebft qu\u1ea3 x\u00e9t nghi\u1ec7m v\u00e0 ch\u1ea9n \u0111o\u00e1n h\u00ecnh \u1ea3nh g\u1ea7n nh\u1ea5t\u00a0<\/span><\/li><li><span data-contrast=\"auto\">C\u0103n C\u01b0\u1edbc C\u00f4ng D\u00e2n ho\u1eb7c h\u1ed9 chi\u1ebfu c\u00f2n h\u1ea1n \u0111\u1ec3 \u0111\u1ed1i chi\u1ebfu<\/span><span data-ccp-props=\"{\">\u00a0<\/span><\/li><\/ol>\t\t\t\t\t\t\t\t<\/div>\n\t\t\t\t\t<\/div>\n\t\t<\/div>\n\t\t\t\t\t<\/div>\n\t\t<\/section>\n\t\t\t\t<\/div>","protected":false},"excerpt":{"rendered":"<p>HEALTH CHECKUP PREPARATION\u00a0 WHAT DOES YOUR MEDICAL CHECK UP CONSIST OF?\u00a0 PART 1: Sample of blood, urine (and stool) collected at Raffles Medical center.\u00a0 PART 2: Vital Signs | Height &amp; Weight Measurements | Audiometry | Radiology | ECG | Abdominal Ultrasound | Optometry | Gynecological Exam\u00a0 PART 3: Consultation with our doctor.\u00a0 (*) Blood, [&hellip;]<\/p>","protected":false},"author":1,"featured_media":7462,"parent":0,"menu_order":0,"comment_status":"closed","ping_status":"closed","template":"","meta":{"footnotes":""},"class_list":["post-3138","page","type-page","status-publish","has-post-thumbnail","hentry"],"rankMath":{"parentDomain":"rafflesmedical.vn","noFollowDomains":[],"noFollowExcludeDomains":[],"noFollowExternalLinks":false,"featuredImageNotice":"H\u00ecnh \u1ea3nh n\u1ed5i b\u1eadt n\u00ean c\u00f3 k\u00edch th\u01b0\u1edbc \u00edt nh\u1ea5t 200 x 200 pixel \u0111\u1ec3 \u0111\u01b0\u1ee3c Facebook v\u00e0 c\u00e1c trang m\u1ea1ng x\u00e3 h\u1ed9i kh\u00e1c ch\u1ecdn.","pluginReviewed":false,"postSettings":{"linkSuggestions":true,"useFocusKeyword":false},"frontEndScore":false,"postName":"health-check-preparation","permalinkFormat":"https:\/\/rafflesmedical.vn\/vi\/%pagename%\/","showLockModifiedDate":true,"assessor":{"focusKeywordLink":"https:\/\/rafflesmedical.vn\/wp-admin\/edit.php?focus_keyword=%focus_keyword%&post_type=%post_type%","hasTOCPlugin":true,"primaryTaxonomy":false,"serpData":{"title":"","description":"","focusKeywords":"","pillarContent":false,"canonicalUrl":"","breadcrumbTitle":"","advancedRobots":[],"facebookTitle":"","facebookDescription":"","facebookImage":"","facebookImageID":"","facebookHasOverlay":false,"facebookImageOverlay":"","facebookAuthor":"","twitterCardType":"","twitterUseFacebook":true,"twitterTitle":"","twitterDescription":"","twitterImage":"","twitterImageID":"","twitterHasOverlay":false,"twitterImageOverlay":"","twitterPlayerUrl":"","twitterPlayerSize":"","twitterPlayerStream":"","twitterPlayerStreamCtype":"","twitterAppDescription":"","twitterAppIphoneName":"","twitterAppIphoneID":"","twitterAppIphoneUrl":"","twitterAppIpadName":"","twitterAppIpadID":"","twitterAppIpadUrl":"","twitterAppGoogleplayName":"","twitterAppGoogleplayID":"","twitterAppGoogleplayUrl":"","twitterAppCountry":"","robots":{"index":true},"twitterAuthor":"t\u00ean ng\u01b0\u1eddi d\u00f9ng","primaryTerm":0,"authorName":"admin","titleTemplate":"%title% %sep% %sitename%","descriptionTemplate":"%excerpt%","showScoreFrontend":true,"lockModifiedDate":false},"powerWords":[],"diacritics":{"A":"[\\u0041\\u24B6\\uFF21\\u00C0\\u00C1\\u00C2\\u1EA6\\u1EA4\\u1EAA\\u1EA8\\u00C3\\u0100\\u0102\\u1EB0\\u1EAE\\u1EB4\\u1EB2\\u0226\\u01E0\\u00C4\\u01DE\\u1EA2\\u00C5\\u01FA\\u01CD\\u0200\\u0202\\u1EA0\\u1EAC\\u1EB6\\u1E00\\u0104\\u023A\\u2C6F]","AA":"[\\uA732]","AE":"[\\u00C6\\u01FC\\u01E2]","AO":"[\\uA734]","AU":"[\\uA736]","AV":"[\\uA738\\uA73A]","AY":"[\\uA73C]","B":"[\\u0042\\u24B7\\uFF22\\u1E02\\u1E04\\u1E06\\u0243\\u0182\\u0181]","C":"[\\u0043\\u24B8\\uFF23\\u0106\\u0108\\u010A\\u010C\\u00C7\\u1E08\\u0187\\u023B\\uA73E]","D":"[\\u0044\\u24B9\\uFF24\\u1E0A\\u010E\\u1E0C\\u1E10\\u1E12\\u1E0E\\u0110\\u018B\\u018A\\u0189\\uA779]","DZ":"[\\u01F1\\u01C4]","Dz":"[\\u01F2\\u01C5]","E":"[\\u0045\\u24BA\\uFF25\\u00C8\\u00C9\\u00CA\\u1EC0\\u1EBE\\u1EC4\\u1EC2\\u1EBC\\u0112\\u1E14\\u1E16\\u0114\\u0116\\u00CB\\u1EBA\\u011A\\u0204\\u0206\\u1EB8\\u1EC6\\u0228\\u1E1C\\u0118\\u1E18\\u1E1A\\u0190\\u018E]","F":"[\\u0046\\u24BB\\uFF26\\u1E1E\\u0191\\uA77B]","G":"[\\u0047\\u24BC\\uFF27\\u01F4\\u011C\\u1E20\\u011E\\u0120\\u01E6\\u0122\\u01E4\\u0193\\uA7A0\\uA77D\\uA77E]","H":"[\\u0048\\u24BD\\uFF28\\u0124\\u1E22\\u1E26\\u021E\\u1E24\\u1E28\\u1E2A\\u0126\\u2C67\\u2C75\\uA78D]","I":"[\\u0049\\u24BE\\uFF29\\u00CC\\u00CD\\u00CE\\u0128\\u012A\\u012C\\u0130\\u00CF\\u1E2E\\u1EC8\\u01CF\\u0208\\u020A\\u1ECA\\u012E\\u1E2C\\u0197]","J":"[\\u004A\\u24BF\\uFF2A\\u0134\\u0248]","K":"[\\u004B\\u24C0\\uFF2B\\u1E30\\u01E8\\u1E32\\u0136\\u1E34\\u0198\\u2C69\\uA740\\uA742\\uA744\\uA7A2]","L":"[\\u004C\\u24C1\\uFF2C\\u013F\\u0139\\u013D\\u1E36\\u1E38\\u013B\\u1E3C\\u1E3A\\u0141\\u023D\\u2C62\\u2C60\\uA748\\uA746\\uA780]","LJ":"[\\u01C7]","Lj":"[\\u01C8]","M":"[\\u004D\\u24C2\\uFF2D\\u1E3E\\u1E40\\u1E42\\u2C6E\\u019C]","N":"[\\u004E\\u24C3\\uFF2E\\u01F8\\u0143\\u00D1\\u1E44\\u0147\\u1E46\\u0145\\u1E4A\\u1E48\\u0220\\u019D\\uA790\\uA7A4]","NJ":"[\\u01CA]","Nj":"[\\u01CB]","O":"[\\u004F\\u24C4\\uFF2F\\u00D2\\u00D3\\u00D4\\u1ED2\\u1ED0\\u1ED6\\u1ED4\\u00D5\\u1E4C\\u022C\\u1E4E\\u014C\\u1E50\\u1E52\\u014E\\u022E\\u0230\\u00D6\\u022A\\u1ECE\\u0150\\u01D1\\u020C\\u020E\\u01A0\\u1EDC\\u1EDA\\u1EE0\\u1EDE\\u1EE2\\u1ECC\\u1ED8\\u01EA\\u01EC\\u00D8\\u01FE\\u0186\\u019F\\uA74A\\uA74C]","OI":"[\\u01A2]","OO":"[\\uA74E]","OU":"[\\u0222]","P":"[\\u0050\\u24C5\\uFF30\\u1E54\\u1E56\\u01A4\\u2C63\\uA750\\uA752\\uA754]","Q":"[\\u0051\\u24C6\\uFF31\\uA756\\uA758\\u024A]","R":"[\\u0052\\u24C7\\uFF32\\u0154\\u1E58\\u0158\\u0210\\u0212\\u1E5A\\u1E5C\\u0156\\u1E5E\\u024C\\u2C64\\uA75A\\uA7A6\\uA782]","S":"[\\u0053\\u24C8\\uFF33\\u1E9E\\u015A\\u1E64\\u015C\\u1E60\\u0160\\u1E66\\u1E62\\u1E68\\u0218\\u015E\\u2C7E\\uA7A8\\uA784]","T":"[\\u0054\\u24C9\\uFF34\\u1E6A\\u0164\\u1E6C\\u021A\\u0162\\u1E70\\u1E6E\\u0166\\u01AC\\u01AE\\u023E\\uA786]","TZ":"[\\uA728]","U":"[\\u0055\\u24CA\\uFF35\\u00D9\\u00DA\\u00DB\\u0168\\u1E78\\u016A\\u1E7A\\u016C\\u00DC\\u01DB\\u01D7\\u01D5\\u01D9\\u1EE6\\u016E\\u0170\\u01D3\\u0214\\u0216\\u01AF\\u1EEA\\u1EE8\\u1EEE\\u1EEC\\u1EF0\\u1EE4\\u1E72\\u0172\\u1E76\\u1E74\\u0244]","V":"[\\u0056\\u24CB\\uFF36\\u1E7C\\u1E7E\\u01B2\\uA75E\\u0245]","VY":"[\\uA760]","W":"[\\u0057\\u24CC\\uFF37\\u1E80\\u1E82\\u0174\\u1E86\\u1E84\\u1E88\\u2C72]","X":"[\\u0058\\u24CD\\uFF38\\u1E8A\\u1E8C]","Y":"[\\u0059\\u24CE\\uFF39\\u1EF2\\u00DD\\u0176\\u1EF8\\u0232\\u1E8E\\u0178\\u1EF6\\u1EF4\\u01B3\\u024E\\u1EFE]","Z":"[\\u005A\\u24CF\\uFF3A\\u0179\\u1E90\\u017B\\u017D\\u1E92\\u1E94\\u01B5\\u0224\\u2C7F\\u2C6B\\uA762]","a":"[\\u0061\\u24D0\\uFF41\\u1E9A\\u00E0\\u00E1\\u00E2\\u1EA7\\u1EA5\\u1EAB\\u1EA9\\u00E3\\u0101\\u0103\\u1EB1\\u1EAF\\u1EB5\\u1EB3\\u0227\\u01E1\\u00E4\\u01DF\\u1EA3\\u00E5\\u01FB\\u01CE\\u0201\\u0203\\u1EA1\\u1EAD\\u1EB7\\u1E01\\u0105\\u2C65\\u0250]","aa":"[\\uA733]","ae":"[\\u00E6\\u01FD\\u01E3]","ao":"[\\uA735]","au":"[\\uA737]","av":"[\\uA739\\uA73B]","ay":"[\\uA73D]","b":"[\\u0062\\u24D1\\uFF42\\u1E03\\u1E05\\u1E07\\u0180\\u0183\\u0253]","c":"[\\u0063\\u24D2\\uFF43\\u0107\\u0109\\u010B\\u010D\\u00E7\\u1E09\\u0188\\u023C\\uA73F\\u2184]","d":"[\\u0064\\u24D3\\uFF44\\u1E0B\\u010F\\u1E0D\\u1E11\\u1E13\\u1E0F\\u0111\\u018C\\u0256\\u0257\\uA77A]","dz":"[\\u01F3\\u01C6]","e":"[\\u0065\\u24D4\\uFF45\\u00E8\\u00E9\\u00EA\\u1EC1\\u1EBF\\u1EC5\\u1EC3\\u1EBD\\u0113\\u1E15\\u1E17\\u0115\\u0117\\u00EB\\u1EBB\\u011B\\u0205\\u0207\\u1EB9\\u1EC7\\u0229\\u1E1D\\u0119\\u1E19\\u1E1B\\u0247\\u025B\\u01DD]","f":"[\\u0066\\u24D5\\uFF46\\u1E1F\\u0192\\uA77C]","g":"[\\u0067\\u24D6\\uFF47\\u01F5\\u011D\\u1E21\\u011F\\u0121\\u01E7\\u0123\\u01E5\\u0260\\uA7A1\\u1D79\\uA77F]","h":"[\\u0068\\u24D7\\uFF48\\u0125\\u1E23\\u1E27\\u021F\\u1E25\\u1E29\\u1E2B\\u1E96\\u0127\\u2C68\\u2C76\\u0265]","hv":"[\\u0195]","i":"[\\u0069\\u24D8\\uFF49\\u00EC\\u00ED\\u00EE\\u0129\\u012B\\u012D\\u00EF\\u1E2F\\u1EC9\\u01D0\\u0209\\u020B\\u1ECB\\u012F\\u1E2D\\u0268\\u0131]","j":"[\\u006A\\u24D9\\uFF4A\\u0135\\u01F0\\u0249]","k":"[\\u006B\\u24DA\\uFF4B\\u1E31\\u01E9\\u1E33\\u0137\\u1E35\\u0199\\u2C6A\\uA741\\uA743\\uA745\\uA7A3]","l":"[\\u006C\\u24DB\\uFF4C\\u0140\\u013A\\u013E\\u1E37\\u1E39\\u013C\\u1E3D\\u1E3B\\u017F\\u0142\\u019A\\u026B\\u2C61\\uA749\\uA781\\uA747]","lj":"[\\u01C9]","m":"[\\u006D\\u24DC\\uFF4D\\u1E3F\\u1E41\\u1E43\\u0271\\u026F]","n":"[\\u006E\\u24DD\\uFF4E\\u01F9\\u0144\\u00F1\\u1E45\\u0148\\u1E47\\u0146\\u1E4B\\u1E49\\u019E\\u0272\\u0149\\uA791\\uA7A5]","nj":"[\\u01CC]","o":"[\\u006F\\u24DE\\uFF4F\\u00F2\\u00F3\\u00F4\\u1ED3\\u1ED1\\u1ED7\\u1ED5\\u00F5\\u1E4D\\u022D\\u1E4F\\u014D\\u1E51\\u1E53\\u014F\\u022F\\u0231\\u00F6\\u022B\\u1ECF\\u0151\\u01D2\\u020D\\u020F\\u01A1\\u1EDD\\u1EDB\\u1EE1\\u1EDF\\u1EE3\\u1ECD\\u1ED9\\u01EB\\u01ED\\u00F8\\u01FF\\u0254\\uA74B\\uA74D\\u0275]","oi":"[\\u01A3]","ou":"[\\u0223]","oo":"[\\uA74F]","p":"[\\u0070\\u24DF\\uFF50\\u1E55\\u1E57\\u01A5\\u1D7D\\uA751\\uA753\\uA755]","q":"[\\u0071\\u24E0\\uFF51\\u024B\\uA757\\uA759]","r":"[\\u0072\\u24E1\\uFF52\\u0155\\u1E59\\u0159\\u0211\\u0213\\u1E5B\\u1E5D\\u0157\\u1E5F\\u024D\\u027D\\uA75B\\uA7A7\\uA783]","s":"[\\u0073\\u24E2\\uFF53\\u015B\\u1E65\\u015D\\u1E61\\u0161\\u1E67\\u1E63\\u1E69\\u0219\\u015F\\u023F\\uA7A9\\uA785\\u1E9B]","ss":"[\\u00DF]","t":"[\\u0074\\u24E3\\uFF54\\u1E6B\\u1E97\\u0165\\u1E6D\\u021B\\u0163\\u1E71\\u1E6F\\u0167\\u01AD\\u0288\\u2C66\\uA787]","tz":"[\\uA729]","u":"[\\u0075\\u24E4\\uFF55\\u00F9\\u00FA\\u00FB\\u0169\\u1E79\\u016B\\u1E7B\\u016D\\u00FC\\u01DC\\u01D8\\u01D6\\u01DA\\u1EE7\\u016F\\u0171\\u01D4\\u0215\\u0217\\u01B0\\u1EEB\\u1EE9\\u1EEF\\u1EED\\u1EF1\\u1EE5\\u1E73\\u0173\\u1E77\\u1E75\\u0289]","v":"[\\u0076\\u24E5\\uFF56\\u1E7D\\u1E7F\\u028B\\uA75F\\u028C]","vy":"[\\uA761]","w":"[\\u0077\\u24E6\\uFF57\\u1E81\\u1E83\\u0175\\u1E87\\u1E85\\u1E98\\u1E89\\u2C73]","x":"[\\u0078\\u24E7\\uFF58\\u1E8B\\u1E8D]","y":"[\\u0079\\u24E8\\uFF59\\u1EF3\\u00FD\\u0177\\u1EF9\\u0233\\u1E8F\\u00FF\\u1EF7\\u1E99\\u1EF5\\u01B4\\u024F\\u1EFF]","z":"[\\u007A\\u24E9\\uFF5A\\u017A\\u1E91\\u017C\\u017E\\u1E93\\u1E95\\u01B6\\u0225\\u0240\\u2C6C\\uA763]"},"researchesTests":["contentHasTOC","contentHasShortParagraphs","contentHasAssets","keywordInTitle","keywordInMetaDescription","keywordInPermalink","keywordIn10Percent","keywordInContent","keywordInSubheadings","keywordInImageAlt","keywordDensity","keywordNotUsed","lengthContent","lengthPermalink","linksHasInternal","linksHasExternals","linksNotAllExternals","titleStartWithKeyword","titleSentiment","titleHasPowerWords","titleHasNumber","hasContentAI"],"hasRedirection":true,"hasBreadcrumb":false},"homeUrl":"https:\/\/rafflesmedical.vn\/vi","objectID":3138,"objectType":"post","locale":"vi","localeFull":"vi","overlayImages":{"play":{"name":"Bi\u1ec3u t\u01b0\u1ee3ng ph\u00e1t","url":"https:\/\/rafflesmedical.vn\/wp-content\/plugins\/seo-by-rank-math\/assets\/admin\/img\/icon-play.png","path":"\/home\/rafflesmedical.vn\/public_html\/wp-content\/plugins\/seo-by-rank-math\/assets\/admin\/img\/icon-play.png","position":"middle_center"},"gif":{"name":"Bi\u1ec3u t\u01b0\u1ee3ng GIF","url":"https:\/\/rafflesmedical.vn\/wp-content\/plugins\/seo-by-rank-math\/assets\/admin\/img\/icon-gif.png","path":"\/home\/rafflesmedical.vn\/public_html\/wp-content\/plugins\/seo-by-rank-math\/assets\/admin\/img\/icon-gif.png","position":"middle_center"}},"defautOgImage":"https:\/\/rafflesmedical.vn\/wp-content\/plugins\/seo-by-rank-math\/assets\/admin\/img\/social-placeholder.jpg","customPermalinks":true,"isUserRegistered":false,"autoSuggestKeywords":false,"connectSiteUrl":"https:\/\/rankmath.com\/auth?site=https%3A%2F%2Frafflesmedical.vn%2Fvi&r=https%3A%2F%2Frafflesmedical.vn%2Fvi%2Fwp-json%2Fwp%2Fv2%2Fpages%2F3138%3Fnonce%3Dfd6ec14420","maxTags":5,"trendsIcon":"<svg viewBox=\"0 0 610 610\"><path d=\"M18.85,446,174.32,290.48l58.08,58.08L76.93,504a14.54,14.54,0,0,1-20.55,0L18.83,466.48a14.54,14.54,0,0,1,0-20.55Z\" style=\"fill:#4285f4\"\/><path d=\"M242.65,242.66,377.59,377.6l-47.75,47.75a14.54,14.54,0,0,1-20.55,0L174.37,290.43l47.75-47.75A14.52,14.52,0,0,1,242.65,242.66Z\" style=\"fill:#ea4335\"\/><polygon points=\"319.53 319.53 479.26 159.8 537.34 217.88 377.61 377.62 319.53 319.53\" style=\"fill:#fabb05\"\/><path d=\"M594.26,262.73V118.61h0a16.94,16.94,0,0,0-16.94-16.94H433.2a16.94,16.94,0,0,0-12,28.92L565.34,274.71h0a16.94,16.94,0,0,0,28.92-12Z\" style=\"fill:#34a853\"\/><rect width=\"610\" height=\"610\" style=\"fill:none\"\/><\/svg>","showScore":true,"siteFavIcon":"https:\/\/rafflesmedical.vn\/wp-content\/uploads\/2021\/11\/cropped-fav-rm-270x270-1-100x100.webp","canUser":{"general":false,"advanced":false,"snippet":false,"social":false,"analysis":false,"analytics":false,"content_ai":false},"isPro":false,"is_front_page":false,"trendsUpgradeLink":"https:\/\/rankmath.com\/pricing\/?utm_source=Plugin&utm_medium=CE%20General%20Tab%20Trends&utm_campaign=WP","trendsUpgradeLabel":"N\u00e2ng c\u1ea5p","trendsPreviewImage":"https:\/\/rafflesmedical.vn\/wp-content\/plugins\/seo-by-rank-math\/assets\/admin\/img\/trends-preview.jpg","currentEditor":false,"homepageData":{"assessor":{"powerWords":[],"diacritics":true,"researchesTests":["contentHasTOC","contentHasShortParagraphs","contentHasAssets","keywordInTitle","keywordInMetaDescription","keywordInPermalink","keywordIn10Percent","keywordInContent","keywordInSubheadings","keywordInImageAlt","keywordDensity","keywordNotUsed","lengthContent","lengthPermalink","linksHasInternal","linksHasExternals","linksNotAllExternals","titleStartWithKeyword","titleSentiment","titleHasPowerWords","titleHasNumber","hasContentAI"],"hasBreadcrumb":false,"serpData":{"title":"%sitename% %page% %sep% %sitedesc%","description":"","titleTemplate":"%sitename% %page% %sep% %sitedesc%","descriptionTemplate":"","focusKeywords":"","breadcrumbTitle":"Home","robots":{"index":true},"advancedRobots":[],"facebookTitle":"","facebookDescription":"","facebookImage":"","facebookImageID":""}}},"tocTitle":"Table of Contents","tocExcludeHeadings":[],"listStyle":"ul"},"_links":{"self":[{"href":"https:\/\/rafflesmedical.vn\/vi\/wp-json\/wp\/v2\/pages\/3138","targetHints":{"allow":["GET"]}}],"collection":[{"href":"https:\/\/rafflesmedical.vn\/vi\/wp-json\/wp\/v2\/pages"}],"about":[{"href":"https:\/\/rafflesmedical.vn\/vi\/wp-json\/wp\/v2\/types\/page"}],"author":[{"embeddable":true,"href":"https:\/\/rafflesmedical.vn\/vi\/wp-json\/wp\/v2\/users\/1"}],"replies":[{"embeddable":true,"href":"https:\/\/rafflesmedical.vn\/vi\/wp-json\/wp\/v2\/comments?post=3138"}],"version-history":[{"count":55,"href":"https:\/\/rafflesmedical.vn\/vi\/wp-json\/wp\/v2\/pages\/3138\/revisions"}],"predecessor-version":[{"id":9029,"href":"https:\/\/rafflesmedical.vn\/vi\/wp-json\/wp\/v2\/pages\/3138\/revisions\/9029"}],"wp:featuredmedia":[{"embeddable":true,"href":"https:\/\/rafflesmedical.vn\/vi\/wp-json\/wp\/v2\/media\/7462"}],"wp:attachment":[{"href":"https:\/\/rafflesmedical.vn\/vi\/wp-json\/wp\/v2\/media?parent=3138"}],"curies":[{"name":"wp","href":"https:\/\/api.w.org\/{rel}","templated":true}]}}